{"id":1909,"date":"2017-09-25T17:13:42","date_gmt":"2017-09-25T15:13:42","guid":{"rendered":"https:\/\/www.nantes-camping.fr\/unsere-verpflichtungen"},"modified":"2026-01-05T10:28:38","modified_gmt":"2026-01-05T09:28:38","slug":"unsere-verpflichtungen","status":"publish","type":"page","link":"https:\/\/www.nantes-camping.fr\/de\/unsere-verpflichtungen","title":{"rendered":"Unsere Verpflichtungen"},"content":{"rendered":"\r\n<div class=\"blocTxt\" id=\"c-environnement\"><img class=\"bgImg\" data-srcset-base=\"https:\/\/www.nantes-camping.fr\/wp-content\/uploads\/2017\/05\/environnement-\" data-srcset-ext=\".jpg\" data-srcset=\"768x650 780w, 1024x800 1024w, 1280x900 1280w, 1920x990\" sizes=\"(min-width: 768px) 768px, (min-width: 1024px) 1024px, (min-width: 1280px) 1280px, 1920px\" alt=\"Unsere Verpflichtungen\" \/>\r\n<p>&nbsp;<\/p>\r\n<div class=\"containerMainTxt\">\r\n<div class=\"badge nature\">\r\n<div class=\"picto\"><\/div>\r\n<p><span>Nantes<br \/>\r\nCamping<\/span><span>100% Natur<\/span><\/p>\r\n<\/div>\r\n<h2>Unsere Verpflichtungen<\/h2>\r\n<h3>Umweltfreundliches Engagement leitet unser Handeln<\/h3>\r\n<div class=\"longTxt cutBlanc\">\r\n<p>Ein Abbild der Stadt, die zur Gr\u00fcnen Hauptstadt Europas gew\u00e4hlt wurde im Jahr, engagiert sich unser <a href=\"..\/thematiques\/camping-nantes.html\">Camping Nantes<\/a> f\u00fcr die <strong>nachhaltige Entwicklung<\/strong> und den <strong>Naturschutz<\/strong>.<\/p>\r\n<p>Mit dem Ziel, die Auswirkungen unserer Aktivit\u00e4ten auf die Umwelt zu minimieren, entwickeln wir mehrere Ma\u00dfnahmen, die gemeinsam vom Campingteam und den Kunden durchgef\u00fchrt werden.<\/p>\r\n<p>Mit dem Internazionalen<strong>\u00a0Umweltzeichen<\/strong> <strong>&#8222;Clef Verte&#8220; (Green Key<\/strong>) ausgezeichnet, sind wir stolz darauf, unsere \u201egr\u00fcnen\u201c Initiativen fortzusetzen !<\/p>\r\n<p>&nbsp;<\/p>\r\n<\/div>\r\n<p>Ab 2025 tragen Sie mit Ihrem <a href=\"https:\/\/www.nantes-camping.fr\/de\/actus\/oekobeitrag-ein\"><em><strong>\u00d6kobeitrag auch dazu bei<\/strong><\/em><\/a>, unser klassifiziertes Waldgebiet zu erhalten und die Umweltauswirkungen des Campingplatzes zu reparieren.<\/p>\r\n<p>&nbsp;<\/p>\r\n<div class=\"longTxt cutBlanc\">\r\n<p>In gleicher Weise garantiert Ihnen das G\u00fctesiegel Camping Qualit\u00e9 einen erholsamen Urlaub dank unserer Verpflichtungserkl\u00e4rung in Bezug auf Gastfreundschaft, Umwelt und Sauberkeit.<\/p>\r\n<\/div>\r\n<div class=\"seemore\">Mehr anzeigen<\/div>\r\n<p class=\"centerBts\"><a class=\"bt\" href=\"umwelt.html\">Unser \u00f6kologischer Ansatz<\/a><a class=\"bt\" href=\"gutesiegel.html\">Unsere G\u00fctesiegel und Klassifizierungen<\/a><\/p>\r\n<div class=\"labels\">\r\n<div class=\"label-cv\"><\/div>\r\n<div class=\"qtour\"><\/div>\r\n<a href=\"https:\/\/campingqualite.com\/de\/\" rel=\"nofollow noopener\" target=\"_blank\" style=\"background-image: none; padding: 8px; background-color: #fff;\"><img decoding=\"async\" style=\"--smush-placeholder-width: 170px; --smush-placeholder-aspect-ratio: 170\/71;display: block!important;\" data-src=\"https:\/\/www.nantes-camping.fr\/wp-content\/uploads\/2017\/08\/BtoBtoC-Membre-engage-et-labellise-logo.png\" width=\"170\" height=\"71\" alt=\"Qualit\u00e9 Tourisme\" class=\"alignnone lazyload\" src=\"data:image\/svg+xml;base64,PHN2ZyB3aWR0aD0iMSIgaGVpZ2h0PSIxIiB4bWxucz0iaHR0cDovL3d3dy53My5vcmcvMjAwMC9zdmciPjwvc3ZnPg==\" \/><\/a>\r\n<div id=\"widget-luxe-container\"><\/div>\r\n<\/div>\r\n<\/div>\r\n<\/div>\r\n","protected":false},"excerpt":{"rendered":"<p>&nbsp; Nantes Camping100% Natur Unsere Verpflichtungen Umweltfreundliches Engagement leitet unser Handeln Ein Abbild der Stadt, die zur Gr\u00fcnen Hauptstadt Europas gew\u00e4hlt wurde im Jahr, engagiert sich unser Camping Nantes f\u00fcr die nachhaltige Entwicklung und den Naturschutz. Mit dem Ziel, die Auswirkungen unserer Aktivit\u00e4ten auf die Umwelt zu minimieren, entwickeln wir mehrere Ma\u00dfnahmen, die gemeinsam vom [&hellip;]<\/p>\n","protected":false},"author":5,"featured_media":0,"parent":0,"menu_order":28,"comment_status":"closed","ping_status":"closed","template":"","meta":{"_acf_changed":false,"inline_featured_image":false,"footnotes":""},"class_list":["post-1909","page","type-page","status-publish","hentry"],"acf":[],"yoast_head":"<!-- This site is optimized with the Yoast SEO plugin v26.6 - https:\/\/yoast.com\/wordpress\/plugins\/seo\/ -->\n<title>Unsere Verpflichtungen - Nantes Camping<\/title>\n<meta name=\"robots\" content=\"index, follow, max-snippet:-1, max-image-preview:large, max-video-preview:-1\" \/>\n<link rel=\"canonical\" href=\"https:\/\/www.nantes-camping.fr\/de\/unsere-verpflichtungen\" \/>\n<meta property=\"og:locale\" content=\"de_DE\" \/>\n<meta property=\"og:type\" content=\"article\" \/>\n<meta property=\"og:title\" content=\"Unsere Verpflichtungen - Nantes Camping\" \/>\n<meta property=\"og:description\" content=\"&nbsp; Nantes Camping100% Natur Unsere Verpflichtungen Umweltfreundliches Engagement leitet unser Handeln Ein Abbild der Stadt, die zur Gr\u00fcnen Hauptstadt Europas gew\u00e4hlt wurde im Jahr, engagiert sich unser Camping Nantes f\u00fcr die nachhaltige Entwicklung und den Naturschutz. Mit dem Ziel, die Auswirkungen unserer Aktivit\u00e4ten auf die Umwelt zu minimieren, entwickeln wir mehrere Ma\u00dfnahmen, die gemeinsam vom [&hellip;]\" \/>\n<meta property=\"og:url\" content=\"https:\/\/www.nantes-camping.fr\/de\/unsere-verpflichtungen\" \/>\n<meta property=\"og:site_name\" content=\"Nantes Camping\" \/>\n<meta property=\"article:modified_time\" content=\"2026-01-05T09:28:38+00:00\" \/>\n<meta property=\"og:image\" content=\"https:\/\/www.nantes-camping.fr\/wp-content\/uploads\/2017\/08\/BtoBtoC-Membre-engage-et-labellise-logo.png\" \/>\n<meta name=\"twitter:card\" content=\"summary_large_image\" \/>\n<meta name=\"twitter:label1\" content=\"Gesch\u00e4tzte Lesezeit\" \/>\n\t<meta name=\"twitter:data1\" content=\"1\u00a0Minute\" \/>\n<!-- \/ Yoast SEO plugin. -->","yoast_head_json":{"title":"Unsere Verpflichtungen - Nantes Camping","robots":{"index":"index","follow":"follow","max-snippet":"max-snippet:-1","max-image-preview":"max-image-preview:large","max-video-preview":"max-video-preview:-1"},"canonical":"https:\/\/www.nantes-camping.fr\/de\/unsere-verpflichtungen","og_locale":"de_DE","og_type":"article","og_title":"Unsere Verpflichtungen - Nantes Camping","og_description":"&nbsp; Nantes Camping100% Natur Unsere Verpflichtungen Umweltfreundliches Engagement leitet unser Handeln Ein Abbild der Stadt, die zur Gr\u00fcnen Hauptstadt Europas gew\u00e4hlt wurde im Jahr, engagiert sich unser Camping Nantes f\u00fcr die nachhaltige Entwicklung und den Naturschutz. Mit dem Ziel, die Auswirkungen unserer Aktivit\u00e4ten auf die Umwelt zu minimieren, entwickeln wir mehrere Ma\u00dfnahmen, die gemeinsam vom [&hellip;]","og_url":"https:\/\/www.nantes-camping.fr\/de\/unsere-verpflichtungen","og_site_name":"Nantes Camping","article_modified_time":"2026-01-05T09:28:38+00:00","og_image":[{"url":"https:\/\/www.nantes-camping.fr\/wp-content\/uploads\/2017\/08\/BtoBtoC-Membre-engage-et-labellise-logo.png","type":"","width":"","height":""}],"twitter_card":"summary_large_image","twitter_misc":{"Gesch\u00e4tzte Lesezeit":"1\u00a0Minute"},"schema":{"@context":"https:\/\/schema.org","@graph":[{"@type":"WebPage","@id":"https:\/\/www.nantes-camping.fr\/de\/unsere-verpflichtungen","url":"https:\/\/www.nantes-camping.fr\/de\/unsere-verpflichtungen","name":"Unsere Verpflichtungen - Nantes Camping","isPartOf":{"@id":"https:\/\/www.nantes-camping.fr\/#website"},"primaryImageOfPage":{"@id":"https:\/\/www.nantes-camping.fr\/de\/unsere-verpflichtungen#primaryimage"},"image":{"@id":"https:\/\/www.nantes-camping.fr\/de\/unsere-verpflichtungen#primaryimage"},"thumbnailUrl":"https:\/\/www.nantes-camping.fr\/wp-content\/uploads\/2017\/08\/BtoBtoC-Membre-engage-et-labellise-logo.png","datePublished":"2017-09-25T15:13:42+00:00","dateModified":"2026-01-05T09:28:38+00:00","breadcrumb":{"@id":"https:\/\/www.nantes-camping.fr\/de\/unsere-verpflichtungen#breadcrumb"},"inLanguage":"de","potentialAction":[{"@type":"ReadAction","target":["https:\/\/www.nantes-camping.fr\/de\/unsere-verpflichtungen"]}]},{"@type":"ImageObject","inLanguage":"de","@id":"https:\/\/www.nantes-camping.fr\/de\/unsere-verpflichtungen#primaryimage","url":"https:\/\/www.nantes-camping.fr\/wp-content\/uploads\/2017\/08\/BtoBtoC-Membre-engage-et-labellise-logo.png","contentUrl":"https:\/\/www.nantes-camping.fr\/wp-content\/uploads\/2017\/08\/BtoBtoC-Membre-engage-et-labellise-logo.png"},{"@type":"BreadcrumbList","@id":"https:\/\/www.nantes-camping.fr\/de\/unsere-verpflichtungen#breadcrumb","itemListElement":[{"@type":"ListItem","position":1,"name":"Accueil","item":"https:\/\/www.nantes-camping.fr\/de"},{"@type":"ListItem","position":2,"name":"Unsere Verpflichtungen"}]},{"@type":"WebSite","@id":"https:\/\/www.nantes-camping.fr\/#website","url":"https:\/\/www.nantes-camping.fr\/","name":"Nantes Camping","description":"Camping 5 \u00e9toiles en Loire-Atlantique","potentialAction":[{"@type":"SearchAction","target":{"@type":"EntryPoint","urlTemplate":"https:\/\/www.nantes-camping.fr\/?s={search_term_string}"},"query-input":{"@type":"PropertyValueSpecification","valueRequired":true,"valueName":"search_term_string"}}],"inLanguage":"de"}]}},"_links":{"self":[{"href":"https:\/\/www.nantes-camping.fr\/de\/wp-json\/wp\/v2\/pages\/1909","targetHints":{"allow":["GET"]}}],"collection":[{"href":"https:\/\/www.nantes-camping.fr\/de\/wp-json\/wp\/v2\/pages"}],"about":[{"href":"https:\/\/www.nantes-camping.fr\/de\/wp-json\/wp\/v2\/types\/page"}],"author":[{"embeddable":true,"href":"https:\/\/www.nantes-camping.fr\/de\/wp-json\/wp\/v2\/users\/5"}],"replies":[{"embeddable":true,"href":"https:\/\/www.nantes-camping.fr\/de\/wp-json\/wp\/v2\/comments?post=1909"}],"version-history":[{"count":10,"href":"https:\/\/www.nantes-camping.fr\/de\/wp-json\/wp\/v2\/pages\/1909\/revisions"}],"predecessor-version":[{"id":17260,"href":"https:\/\/www.nantes-camping.fr\/de\/wp-json\/wp\/v2\/pages\/1909\/revisions\/17260"}],"wp:attachment":[{"href":"https:\/\/www.nantes-camping.fr\/de\/wp-json\/wp\/v2\/media?parent=1909"}],"curies":[{"name":"wp","href":"https:\/\/api.w.org\/{rel}","templated":true}]}}